{"id":15284,"date":"2022-03-22T22:40:34","date_gmt":"2022-03-22T22:40:34","guid":{"rendered":"https:\/\/enjoyadabojana.me\/restorani\/"},"modified":"2023-03-13T20:18:15","modified_gmt":"2023-03-13T19:18:15","slug":"restorani","status":"publish","type":"page","link":"https:\/\/enjoyadabojana.me\/en\/restorani\/","title":{"rendered":"Restorani"},"content":{"rendered":"\t\t<div data-elementor-type=\"wp-page\" data-elementor-id=\"15284\" class=\"elementor elementor-15284 elementor-12223\">\n\t\t\t\t\t\t\t\t\t<section class=\"elementor-section elementor-top-section elementor-element elementor-element-4741504 elementor-section-full_width elementor-section-height-default elementor-section-height-default qodef-elementor-content-no\" data-id=\"4741504\" data-element_type=\"section\">\n\t\t\t\t\t\t<div class=\"elementor-container elementor-column-gap-default\">\n\t\t\t\t\t<div class=\"elementor-column elementor-col-100 elementor-top-column elementor-element elementor-element-bff2446\" data-id=\"bff2446\" data-element_type=\"column\">\n\t\t\t<div class=\"elementor-widget-wrap elementor-element-populated\">\n\t\t\t\t\t\t\t\t<div class=\"elementor-element elementor-element-0af6da0 elementor-widget elementor-widget-qi_addons_for_elementor_blog_list\" data-id=\"0af6da0\" data-element_type=\"widget\" data-widget_type=\"qi_addons_for_elementor_blog_list.default\">\n\t\t\t\t<div class=\"elementor-widget-container\">\n\t\t\t<div class=\"qodef-shortcode qodef-m  qodef-addons-blog-list qodef-info-no-icons  qodef-image--hover-zoom   qodef-qi-grid qodef-layout--qi-columns  qodef-col-num--3  qodef-item-layout--boxed qodef-responsive--predefined\" >\n\t<div class=\"qodef-grid-inner\">\n\t\t<article class=\"qodef-e qodef-blog-item qodef-grid-item qodef-item--square post-16669 post type-post status-publish format-standard has-post-thumbnail hentry category-restorani-en\">\n\t<div class=\"qodef-e-inner\">\n\t\t<div class=\"qodef-e-media-holder\">\n\t\t\t<div class=\"qodef-e-media\">\n\t\t<div class=\"qodef-e-media-image\">\n\t\t<a itemprop=\"url\" href=\"https:\/\/enjoyadabojana.me\/en\/restoran-nova-ada-bojana\/\">\n\t\t\t<img decoding=\"async\" width=\"650\" height=\"650\" src=\"https:\/\/enjoyadabojana.me\/wp-content\/uploads\/2022\/07\/DSC06911-1-650x650.jpg\" class=\"attachment-qi_addons_for_elementor_image_size_square size-qi_addons_for_elementor_image_size_square\" alt=\"restoran Nova Ada Bojana enjoy ada bojana\" srcset=\"https:\/\/enjoyadabojana.me\/wp-content\/uploads\/2022\/07\/DSC06911-1-650x650.jpg 650w, https:\/\/enjoyadabojana.me\/wp-content\/uploads\/2022\/07\/DSC06911-1-150x150.jpg 150w, https:\/\/enjoyadabojana.me\/wp-content\/uploads\/2022\/07\/DSC06911-1-1300x1300.jpg 1300w, https:\/\/enjoyadabojana.me\/wp-content\/uploads\/2022\/07\/DSC06911-1-300x300.jpg 300w, https:\/\/enjoyadabojana.me\/wp-content\/uploads\/2022\/07\/DSC06911-1-100x100.jpg 100w\" sizes=\"(max-width: 650px) 100vw, 650px\" \/>\t\t<\/a>\n\t\t\t<\/div>\n<\/div>\n\t\t<\/div>\n\t\t<div class=\"qodef-e-content\">\n\t\t\t\t\t\t<div class=\"qodef-e-text\">\n\t\t\t\t<h5 itemprop=\"name\" class=\"qodef-e-title entry-title\">\n\t<a itemprop=\"url\" class=\"qodef-e-title-link\" href=\"https:\/\/enjoyadabojana.me\/en\/restoran-nova-ada-bojana\/\">\n\t\tRestaurant &#8220;Nova Ada Bojana&#8221;\t<\/a>\n<\/h5>\n\t\t<p itemprop=\"description\" class=\"qodef-e-excerpt\">\n\t\t\t01\/08 Opis Kao sto vecina zitelja Balkana zna, Ada Bojana je jedno veoma specificno mjesto i dragulj\t\t<\/p>\n\t\t\t\t<\/div>\n\t\t\t\t\t\t\t<div class=\"qodef-e-info qodef-info--bottom\">\n\t\t\t\t\t\t<div class=\"qodef-e-read-more\">\n\t\t<a class=\"qodef-shortcode qodef-m  qodef-qi-button qodef-html--link qodef-layout--filled qodef-type--standard   qodef-icon--right qodef-hover--icon-move-horizontal-short     \" href=\"https:\/\/enjoyadabojana.me\/en\/restoran-nova-ada-bojana\/\" target=\"_self\">\t<span class=\"qodef-m-text\">Op\u0161irnije<\/span>\t<\/a>\t<\/div>\n\t\t\t\t<\/div>\n\t\t\t\t\t<\/div>\n\t<\/div>\n<\/article>\n\t<\/div>\n\t<\/div>\n\t\t<\/div>\n\t\t\t\t<\/div>\n\t\t\t\t\t<\/div>\n\t\t<\/div>\n\t\t\t\t\t\t\t<\/div>\n\t\t<\/section>\n\t\t\t\t\t\t\t<\/div>\n\t\t","protected":false},"excerpt":{"rendered":"<p>Konoba \u201cKod Ranka\u201d 01\/08 Opis Konoba&nbsp;KOD RANKA &nbsp;na Adi Bojani oaza odli\u010dne, &nbsp;uvijek svje\u017ee i ukusno pripremljene h Op\u0161irnije \u0106i\u0107kova \u010darda 01\/06 Opis \u0106i\u0107kova \u010darda&nbsp;jedno je od kultnih mjesta Ade Bojane.&nbsp;&nbsp;Restoran ribljih i mesnih spe Op\u0161irnije Riblji restoran \u201cFishka\u201d 01\/06 Opis \u0106i\u0107kova \u010darda&nbsp;jedno je od kultnih mjesta Ade Bojane.&nbsp;&nbsp;Restoran ribljih i mesnih spe Op\u0161irnije Durante [&hellip;]<\/p>\n","protected":false},"author":1,"featured_media":0,"parent":0,"menu_order":0,"comment_status":"closed","ping_status":"closed","template":"elementor_header_footer","meta":{"_acf_changed":false,"footnotes":""},"class_list":["post-15284","page","type-page","status-publish","hentry"],"acf":[],"_links":{"self":[{"href":"https:\/\/enjoyadabojana.me\/en\/wp-json\/wp\/v2\/pages\/15284","targetHints":{"allow":["GET"]}}],"collection":[{"href":"https:\/\/enjoyadabojana.me\/en\/wp-json\/wp\/v2\/pages"}],"about":[{"href":"https:\/\/enjoyadabojana.me\/en\/wp-json\/wp\/v2\/types\/page"}],"author":[{"embeddable":true,"href":"https:\/\/enjoyadabojana.me\/en\/wp-json\/wp\/v2\/users\/1"}],"replies":[{"embeddable":true,"href":"https:\/\/enjoyadabojana.me\/en\/wp-json\/wp\/v2\/comments?post=15284"}],"version-history":[{"count":3,"href":"https:\/\/enjoyadabojana.me\/en\/wp-json\/wp\/v2\/pages\/15284\/revisions"}],"predecessor-version":[{"id":16684,"href":"https:\/\/enjoyadabojana.me\/en\/wp-json\/wp\/v2\/pages\/15284\/revisions\/16684"}],"wp:attachment":[{"href":"https:\/\/enjoyadabojana.me\/en\/wp-json\/wp\/v2\/media?parent=15284"}],"curies":[{"name":"wp","href":"https:\/\/api.w.org\/{rel}","templated":true}]}}